{"id":1195,"date":"2023-10-02T10:52:24","date_gmt":"2023-10-02T13:52:24","guid":{"rendered":"https:\/\/hiromstreet.com\/?page_id=1195"},"modified":"2023-11-30T17:09:04","modified_gmt":"2023-11-30T20:09:04","slug":"rastreio","status":"publish","type":"page","link":"https:\/\/hiromstreet.com\/index.php\/rastreio\/","title":{"rendered":"Rastreio"},"content":{"rendered":"\t\t<div data-elementor-type=\"wp-page\" data-elementor-id=\"1195\" class=\"elementor elementor-1195\" data-elementor-post-type=\"page\">\n\t\t\t\t<div class=\"elementor-element elementor-element-46970ca e-flex e-con-boxed e-con e-parent\" data-id=\"46970ca\" data-element_type=\"container\">\n\t\t\t\t\t<div class=\"e-con-inner\">\n\t\t\t\t\t<\/div>\n\t\t\t\t<\/div>\n\t\t<div class=\"elementor-element elementor-element-235fb54 e-flex e-con-boxed e-con e-parent\" data-id=\"235fb54\" data-element_type=\"container\" data-settings=\"{&quot;background_background&quot;:&quot;classic&quot;}\">\n\t\t\t\t\t<div class=\"e-con-inner\">\n\t\t\t\t<div class=\"elementor-element elementor-element-d3351b5 elementor-widget elementor-widget-heading\" data-id=\"d3351b5\" data-element_type=\"widget\" data-widget_type=\"heading.default\">\n\t\t\t\t<div class=\"elementor-widget-container\">\n\t\t\t\t\t<h2 class=\"elementor-heading-title elementor-size-default\">Minha Conta<\/h2>\t\t\t\t<\/div>\n\t\t\t\t<\/div>\n\t\t\t\t\t<\/div>\n\t\t\t\t<\/div>\n\t\t<div class=\"elementor-element elementor-element-0fefb3d e-con-full e-flex e-con e-parent\" data-id=\"0fefb3d\" data-element_type=\"container\">\n\t\t\t\t<\/div>\n\t\t<div class=\"elementor-element elementor-element-feac1b2 e-flex e-con-boxed e-con e-parent\" data-id=\"feac1b2\" data-element_type=\"container\">\n\t\t\t\t\t<div class=\"e-con-inner\">\n\t\t<div class=\"elementor-element elementor-element-7913070 e-flex e-con-boxed e-con e-child\" data-id=\"7913070\" data-element_type=\"container\" data-settings=\"{&quot;background_background&quot;:&quot;classic&quot;}\">\n\t\t\t\t\t<div class=\"e-con-inner\">\n\t\t\t\t<div class=\"elementor-element elementor-element-419f843 elementor-widget elementor-widget-heading\" data-id=\"419f843\" data-element_type=\"widget\" data-widget_type=\"heading.default\">\n\t\t\t\t<div class=\"elementor-widget-container\">\n\t\t\t\t\t<h2 class=\"elementor-heading-title elementor-size-default\">Insira abaixo o c\u00f3digo de rastreio que voc\u00ea recebeu em seu e-mail:<\/h2>\t\t\t\t<\/div>\n\t\t\t\t<\/div>\n\t\t\t\t<div class=\"elementor-element elementor-element-e5c50db elementor-widget elementor-widget-text-editor\" data-id=\"e5c50db\" data-element_type=\"widget\" data-widget_type=\"text-editor.default\">\n\t\t\t\t<div class=\"elementor-widget-container\">\n\t\t\t\t\t\t\t\t\t<p>Ou acesse a Aba <a href=\"https:\/\/lojajae.com\/index.php\/my-account\/orders\/\">pedidos<\/a> a cima e clique em visualizar em cima do seu pedido!<\/p>\t\t\t\t\t\t\t\t<\/div>\n\t\t\t\t<\/div>\n\t\t\t\t<div class=\"elementor-element elementor-element-fe3cd4b elementor-widget elementor-widget-html\" data-id=\"fe3cd4b\" data-element_type=\"widget\" data-widget_type=\"html.default\">\n\t\t\t\t<div class=\"elementor-widget-container\">\n\t\t\t\t\t<div id=\"rastreio\"><\/div> <script> var a = document.createElement(\"script\"); a.src = \"https:\/\/rastreio.ninja\/w\/app.js?v= \" + Date.now(); document.head.appendChild(a); <\/script>\t\t\t\t<\/div>\n\t\t\t\t<\/div>\n\t\t\t\t\t<\/div>\n\t\t\t\t<\/div>\n\t\t\t\t\t<\/div>\n\t\t\t\t<\/div>\n\t\t\t\t<\/div>\n\t\t","protected":false},"excerpt":{"rendered":"<p>Minha Conta Painel Pedidos Transfer\u00eancias Endere\u00e7o Detalhes da Conta Sair Insira abaixo o c\u00f3digo de rastreio que voc\u00ea recebeu em seu e-mail: Ou acesse a Aba pedidos a cima e clique em visualizar em cima do seu pedido!<\/p>\n","protected":false},"author":2,"featured_media":0,"parent":0,"menu_order":0,"comment_status":"closed","ping_status":"closed","template":"elementor_header_footer","meta":{"footnotes":""},"_links":{"self":[{"href":"https:\/\/hiromstreet.com\/index.php\/wp-json\/wp\/v2\/pages\/1195"}],"collection":[{"href":"https:\/\/hiromstreet.com\/index.php\/wp-json\/wp\/v2\/pages"}],"about":[{"href":"https:\/\/hiromstreet.com\/index.php\/wp-json\/wp\/v2\/types\/page"}],"author":[{"embeddable":true,"href":"https:\/\/hiromstreet.com\/index.php\/wp-json\/wp\/v2\/users\/2"}],"replies":[{"embeddable":true,"href":"https:\/\/hiromstreet.com\/index.php\/wp-json\/wp\/v2\/comments?post=1195"}],"version-history":[{"count":19,"href":"https:\/\/hiromstreet.com\/index.php\/wp-json\/wp\/v2\/pages\/1195\/revisions"}],"predecessor-version":[{"id":1331,"href":"https:\/\/hiromstreet.com\/index.php\/wp-json\/wp\/v2\/pages\/1195\/revisions\/1331"}],"wp:attachment":[{"href":"https:\/\/hiromstreet.com\/index.php\/wp-json\/wp\/v2\/media?parent=1195"}],"curies":[{"name":"wp","href":"https:\/\/api.w.org\/{rel}","templated":true}]}}