{"id":6,"date":"2023-06-29T09:46:08","date_gmt":"2023-06-29T12:46:08","guid":{"rendered":"http:\/\/hiromstreet.com\/index.php\/cart\/"},"modified":"2023-09-30T16:40:40","modified_gmt":"2023-09-30T19:40:40","slug":"cart","status":"publish","type":"page","link":"https:\/\/hiromstreet.com\/index.php\/cart\/","title":{"rendered":"Cart"},"content":{"rendered":"\t\t<div data-elementor-type=\"wp-page\" data-elementor-id=\"6\" class=\"elementor elementor-6\" data-elementor-post-type=\"page\">\n\t\t\t\t<div class=\"elementor-element elementor-element-c581442 e-flex e-con-boxed e-con e-parent\" data-id=\"c581442\" data-element_type=\"container\">\n\t\t\t\t\t<div class=\"e-con-inner\">\n\t\t\t\t\t<\/div>\n\t\t\t\t<\/div>\n\t\t\t\t<\/div>\n\t\t","protected":false},"excerpt":{"rendered":"<p>Remover item Imagem de miniatura Produto Pre\u00e7o Quantidade Subtotal &times; Jaqueta Bobojaco Masculino &#82;&#36;&nbsp;150,00 Jaqueta Bobojaco Masculino quantidade &#82;&#36;&nbsp;150,00 &times; Bon\u00e9 Lost fit\u00e3o Ad\u00e3o e Eva &#82;&#36;&nbsp;599,99 Bon\u00e9 Lost fit\u00e3o Ad\u00e3o e Eva quantidade &#82;&#36;&nbsp;599,99 Aplicar Cupons Total do carrinho Subtotal &#82;&#36;&nbsp;749,99 Entrega Retirar na loja Entrega para Minas Gerais. Mudar endere\u00e7o Pa\u00eds \/ regi\u00e3o: [&hellip;]<\/p>\n","protected":false},"author":1,"featured_media":0,"parent":0,"menu_order":0,"comment_status":"closed","ping_status":"closed","template":"elementor_header_footer","meta":{"footnotes":""},"_links":{"self":[{"href":"https:\/\/hiromstreet.com\/index.php\/wp-json\/wp\/v2\/pages\/6"}],"collection":[{"href":"https:\/\/hiromstreet.com\/index.php\/wp-json\/wp\/v2\/pages"}],"about":[{"href":"https:\/\/hiromstreet.com\/index.php\/wp-json\/wp\/v2\/types\/page"}],"author":[{"embeddable":true,"href":"https:\/\/hiromstreet.com\/index.php\/wp-json\/wp\/v2\/users\/1"}],"replies":[{"embeddable":true,"href":"https:\/\/hiromstreet.com\/index.php\/wp-json\/wp\/v2\/comments?post=6"}],"version-history":[{"count":21,"href":"https:\/\/hiromstreet.com\/index.php\/wp-json\/wp\/v2\/pages\/6\/revisions"}],"predecessor-version":[{"id":1168,"href":"https:\/\/hiromstreet.com\/index.php\/wp-json\/wp\/v2\/pages\/6\/revisions\/1168"}],"wp:attachment":[{"href":"https:\/\/hiromstreet.com\/index.php\/wp-json\/wp\/v2\/media?parent=6"}],"curies":[{"name":"wp","href":"https:\/\/api.w.org\/{rel}","templated":true}]}}