{"id":8,"date":"2023-06-29T09:46:08","date_gmt":"2023-06-29T12:46:08","guid":{"rendered":"http:\/\/hiromstreet.com\/index.php\/my-account\/"},"modified":"2023-10-02T11:39:13","modified_gmt":"2023-10-02T14:39:13","slug":"my-account","status":"publish","type":"page","link":"https:\/\/hiromstreet.com\/index.php\/my-account\/","title":{"rendered":"My account"},"content":{"rendered":"\t\t<div data-elementor-type=\"wp-page\" data-elementor-id=\"8\" class=\"elementor elementor-8\" data-elementor-post-type=\"page\">\n\t\t\t\t<div class=\"elementor-element elementor-element-1a036a5 e-flex e-con-boxed e-con e-parent\" data-id=\"1a036a5\" data-element_type=\"container\" data-settings=\"{&quot;background_background&quot;:&quot;classic&quot;}\">\n\t\t\t\t\t<div class=\"e-con-inner\">\n\t\t\t\t<div class=\"elementor-element elementor-element-0b43871 elementor-widget elementor-widget-heading\" data-id=\"0b43871\" data-element_type=\"widget\" data-widget_type=\"heading.default\">\n\t\t\t\t<div class=\"elementor-widget-container\">\n\t\t\t\t\t<h2 class=\"elementor-heading-title elementor-size-default\">Minha Conta<\/h2>\t\t\t\t<\/div>\n\t\t\t\t<\/div>\n\t\t\t\t\t<\/div>\n\t\t\t\t<\/div>\n\t\t<div class=\"elementor-element elementor-element-680631c e-flex e-con-boxed e-con e-parent\" data-id=\"680631c\" data-element_type=\"container\">\n\t\t\t\t\t<div class=\"e-con-inner\">\n\t\t\t\t<div class=\"elementor-element elementor-element-768501c e-my-account-tabs-horizontal elementor-widget elementor-widget-woocommerce-my-account\" data-id=\"768501c\" data-element_type=\"widget\" data-widget_type=\"woocommerce-my-account.default\">\n\t\t\t\t<div class=\"elementor-widget-container\">\n\t\t\t\t\t<div class=\"e-my-account-tab e-my-account-tab__ \">\t\t\t<span class=\"elementor-hidden\">[woocommerce_my_account]<\/span>\n\t\t\t<div class=\"woocommerce\"><\/div>\t\t<\/div>\n\t\t\t\t\t\t<\/div>\n\t\t\t\t<\/div>\n\t\t\t\t\t<\/div>\n\t\t\t\t<\/div>\n\t\t\t\t<\/div>\n\t\t","protected":false},"excerpt":{"rendered":"<p>Minha Conta Painel Pedidos Rastrear downloads Endere\u00e7o Detalhes da Conta Sair Painel Pedidos Transfer\u00eancias Endere\u00e7o Detalhes da Conta Sair Painel Pedidos Rastrear downloads Endere\u00e7o Detalhes da Conta Sair Painel Pedidos Transfer\u00eancias Endere\u00e7o Conta Sair Ol\u00e1, Alair (n\u00e3o \u00e9 Alair? Sair) A partir do painel de controle de sua conta, voc\u00ea pode ver suas compras recentes, [&hellip;]<\/p>\n","protected":false},"author":1,"featured_media":0,"parent":0,"menu_order":0,"comment_status":"closed","ping_status":"closed","template":"elementor_header_footer","meta":{"footnotes":""},"_links":{"self":[{"href":"https:\/\/hiromstreet.com\/index.php\/wp-json\/wp\/v2\/pages\/8"}],"collection":[{"href":"https:\/\/hiromstreet.com\/index.php\/wp-json\/wp\/v2\/pages"}],"about":[{"href":"https:\/\/hiromstreet.com\/index.php\/wp-json\/wp\/v2\/types\/page"}],"author":[{"embeddable":true,"href":"https:\/\/hiromstreet.com\/index.php\/wp-json\/wp\/v2\/users\/1"}],"replies":[{"embeddable":true,"href":"https:\/\/hiromstreet.com\/index.php\/wp-json\/wp\/v2\/comments?post=8"}],"version-history":[{"count":135,"href":"https:\/\/hiromstreet.com\/index.php\/wp-json\/wp\/v2\/pages\/8\/revisions"}],"predecessor-version":[{"id":1239,"href":"https:\/\/hiromstreet.com\/index.php\/wp-json\/wp\/v2\/pages\/8\/revisions\/1239"}],"wp:attachment":[{"href":"https:\/\/hiromstreet.com\/index.php\/wp-json\/wp\/v2\/media?parent=8"}],"curies":[{"name":"wp","href":"https:\/\/api.w.org\/{rel}","templated":true}]}}