{"id":622,"date":"2023-08-01T16:29:29","date_gmt":"2023-08-01T19:29:29","guid":{"rendered":"https:\/\/hiromstreet.com\/?post_type=product&#038;p=622"},"modified":"2025-11-21T05:56:58","modified_gmt":"2025-11-21T08:56:58","slug":"bone-lost-fitao-adao-e-eva","status":"publish","type":"product","link":"https:\/\/hiromstreet.com\/index.php\/product\/bone-lost-fitao-adao-e-eva\/","title":{"rendered":"Bon\u00e9 Lost fit\u00e3o Ad\u00e3o e Eva"},"content":{"rendered":"<p><strong>Bon\u00e9 Fit\u00e3o Lost Ad\u00e3o e Eva &#8211; Fit\u00e3o:\u00a0<\/strong>Produzido com materiais de alta qualidade, durabilidade e estilo. Confeccionado em tecido, com aba sim\u00e9trica, acabamento interno em tecido, pespontos no detalhe principal, com o logo da marca facilmente reconhec\u00edvel.<\/p>\n","protected":false},"excerpt":{"rendered":"<p>Bon\u00e9 Fit\u00e3o Lost Ad\u00e3o e Eva &#8211; Fit\u00e3o:\u00a0Produzido com materiais de alta qualidade, durabilidade e estilo. Confeccionado em tecido, com aba sim\u00e9trica, acabamento interno em tecido, pespontos no detalhe principal, com o logo da marca facilmente reconhec\u00edvel.<\/p>\n","protected":false},"featured_media":623,"comment_status":"open","ping_status":"closed","template":"","meta":[],"product_cat":[15,44],"product_tag":[],"_links":{"self":[{"href":"https:\/\/hiromstreet.com\/index.php\/wp-json\/wp\/v2\/product\/622"}],"collection":[{"href":"https:\/\/hiromstreet.com\/index.php\/wp-json\/wp\/v2\/product"}],"about":[{"href":"https:\/\/hiromstreet.com\/index.php\/wp-json\/wp\/v2\/types\/product"}],"replies":[{"embeddable":true,"href":"https:\/\/hiromstreet.com\/index.php\/wp-json\/wp\/v2\/comments?post=622"}],"version-history":[{"count":4,"href":"https:\/\/hiromstreet.com\/index.php\/wp-json\/wp\/v2\/product\/622\/revisions"}],"predecessor-version":[{"id":627,"href":"https:\/\/hiromstreet.com\/index.php\/wp-json\/wp\/v2\/product\/622\/revisions\/627"}],"wp:featuredmedia":[{"embeddable":true,"href":"https:\/\/hiromstreet.com\/index.php\/wp-json\/wp\/v2\/media\/623"}],"wp:attachment":[{"href":"https:\/\/hiromstreet.com\/index.php\/wp-json\/wp\/v2\/media?parent=622"}],"wp:term":[{"taxonomy":"product_cat","embeddable":true,"href":"https:\/\/hiromstreet.com\/index.php\/wp-json\/wp\/v2\/product_cat?post=622"},{"taxonomy":"product_tag","embeddable":true,"href":"https:\/\/hiromstreet.com\/index.php\/wp-json\/wp\/v2\/product_tag?post=622"}],"curies":[{"name":"wp","href":"https:\/\/api.w.org\/{rel}","templated":true}]}}