{"id":633,"date":"2023-08-01T17:17:42","date_gmt":"2023-08-01T20:17:42","guid":{"rendered":"https:\/\/hiromstreet.com\/?post_type=product&#038;p=633"},"modified":"2025-11-21T05:55:18","modified_gmt":"2025-11-21T08:55:18","slug":"moletom-canguru-fechado-mcd-calavera","status":"publish","type":"product","link":"https:\/\/hiromstreet.com\/index.php\/product\/moletom-canguru-fechado-mcd-calavera\/","title":{"rendered":"Moletom Canguru Fechado MCD Calavera"},"content":{"rendered":"<p><b>!CORE ES CRUDO!<\/b><\/p>\n<p>&nbsp;<\/p>\n<p>Inspira\u00e7\u00f5es de culturas ancestrais, biodiversidade e lifestyle atual de regi\u00f5es como Brasil, Peru, Panam\u00e1 e Col\u00f4mbia guiam e batizam a cole\u00e7\u00e3o, Core \u00e9 Cru, parte do manifesto da marca.<\/p>\n<p>&nbsp;<\/p>\n<p><b>LINHA CARTAZES<\/b><\/p>\n<p>&nbsp;<\/p>\n<p>A linha vem da composi\u00e7\u00e3o de v\u00e1rios elementos visuais utilizados tanto em protestos quanto em manifesta\u00e7\u00f5es art\u00edsticas da parte sul do continente.<\/p>\n<p>&nbsp;<\/p>\n<p><b>Especifica\u00e7\u00f5es do produto:<\/b><\/p>\n<p>&nbsp;<\/p>\n<p>\u00b7 Moletom canguru fechado felpado.<\/p>\n<p>&nbsp;<\/p>\n<p>\u00b7 Com punho e barra.<\/p>\n<p>&nbsp;<\/p>\n<p>\u00b7 Capuz duplo.<\/p>\n<p>&nbsp;<\/p>\n<p>\u00b7 Cadar\u00e7os reguladores no capuz.<\/p>\n<p>&nbsp;<\/p>\n<p>\u00b7 Estampa no peito e costas.<\/p>\n<p>&nbsp;<\/p>\n<p><b>Composi\u00e7\u00e3o:<\/b><\/p>\n<p>&nbsp;<\/p>\n<p>50% algod\u00e3o, 50% poli\u00e9ster.<\/p>\n","protected":false},"excerpt":{"rendered":"<p>!CORE ES CRUDO! &nbsp; Inspira\u00e7\u00f5es de culturas ancestrais, biodiversidade e lifestyle atual de regi\u00f5es como Brasil, Peru, Panam\u00e1 e Col\u00f4mbia guiam e batizam a cole\u00e7\u00e3o, Core \u00e9 Cru, parte do manifesto da marca. &nbsp; LINHA CARTAZES &nbsp; A linha vem da composi\u00e7\u00e3o de v\u00e1rios elementos visuais utilizados tanto em protestos quanto em manifesta\u00e7\u00f5es art\u00edsticas da [&hellip;]<\/p>\n","protected":false},"featured_media":629,"comment_status":"open","ping_status":"closed","template":"","meta":[],"product_cat":[19],"product_tag":[],"_links":{"self":[{"href":"https:\/\/hiromstreet.com\/index.php\/wp-json\/wp\/v2\/product\/633"}],"collection":[{"href":"https:\/\/hiromstreet.com\/index.php\/wp-json\/wp\/v2\/product"}],"about":[{"href":"https:\/\/hiromstreet.com\/index.php\/wp-json\/wp\/v2\/types\/product"}],"replies":[{"embeddable":true,"href":"https:\/\/hiromstreet.com\/index.php\/wp-json\/wp\/v2\/comments?post=633"}],"version-history":[{"count":1,"href":"https:\/\/hiromstreet.com\/index.php\/wp-json\/wp\/v2\/product\/633\/revisions"}],"predecessor-version":[{"id":644,"href":"https:\/\/hiromstreet.com\/index.php\/wp-json\/wp\/v2\/product\/633\/revisions\/644"}],"wp:featuredmedia":[{"embeddable":true,"href":"https:\/\/hiromstreet.com\/index.php\/wp-json\/wp\/v2\/media\/629"}],"wp:attachment":[{"href":"https:\/\/hiromstreet.com\/index.php\/wp-json\/wp\/v2\/media?parent=633"}],"wp:term":[{"taxonomy":"product_cat","embeddable":true,"href":"https:\/\/hiromstreet.com\/index.php\/wp-json\/wp\/v2\/product_cat?post=633"},{"taxonomy":"product_tag","embeddable":true,"href":"https:\/\/hiromstreet.com\/index.php\/wp-json\/wp\/v2\/product_tag?post=633"}],"curies":[{"name":"wp","href":"https:\/\/api.w.org\/{rel}","templated":true}]}}